{"id":206,"date":"2023-02-22T20:42:23","date_gmt":"2023-02-22T20:42:23","guid":{"rendered":"https:\/\/fmti.edu\/?post_type=product&#038;p=206"},"modified":"2023-11-14T22:36:47","modified_gmt":"2023-11-14T22:36:47","slug":"pharmacy-technician","status":"publish","type":"product","link":"https:\/\/fmti.edu\/en\/product\/pharmacy-technician\/","title":{"rendered":"PHARMACY TECHNICIAN"},"content":{"rendered":"<p>FMTI considering that the use of medications is a fundamental function of health care. Designs the Pharmacy Technician program, developing student skills<br \/>\ncognitive, socio-affective and skills to work with a high level of competence.<\/p>\n<p>Our technicians can perform administrative activities such as answering the phone, maintaining records, inventory control, pharmacy billing and reimbursement processing, and scheduling appointments for the pharmacist to speak with customers. If they work in a pharmacy, they will also be expected to handle payments.<br \/>\nThe professional obtains great responsibility in all medication prescription compliance processes, becoming a valuable resource for the team under supervision.<br \/>\nof the pharmacist and complying with legal and American Society of Health-System Pharmacists (ASHP) standards.<\/p>","protected":false},"excerpt":{"rendered":"<p>The program of this module prepares the student with basic subjects such as applied pharmacology, anatomy, physiology, pharmacy laws and regulations, sterile and non-sterile compounds.<br \/>\nsterile materials, medical terminology, medication calculations, medication safety, understanding of prescriptions, familiarity with prescribed medications, a<br \/>\nunderstanding of medication dosages and safety, and the ability to follow strict procedures. Likewise, it is important that you recognize your role in ensuring the quality of the pharmacy's entry and order filling process, inventory management, reimbursement billing, and application of computer systems according to the corresponding regulations and laws.<\/p>","protected":false},"featured_media":612,"comment_status":"closed","ping_status":"closed","template":"","meta":{"ub_ctt_via":"","site-sidebar-layout":"default","site-content-layout":"","ast-site-content-layout":"","site-content-style":"default","site-sidebar-style":"default","ast-global-header-display":"","ast-banner-title-visibility":"","ast-main-header-display":"","ast-hfb-above-header-display":"","ast-hfb-below-header-display":"","ast-hfb-mobile-header-display":"","site-post-title":"","ast-breadcrumbs-content":"","ast-featured-img":"","footer-sml-layout":"","theme-transparent-header-meta":"","adv-header-id-meta":"","stick-header-meta":"","header-above-stick-meta":"","header-main-stick-meta":"","header-below-stick-meta":"","astra-migrate-meta-layouts":"default","ast-page-background-enabled":"default","ast-page-background-meta":{"desktop":{"background-color":"var(--ast-global-color-4)","background-image":"","background-repeat":"repeat","background-position":"center center","background-size":"auto","background-attachment":"scroll","background-type":"","background-media":"","overlay-type":"","overlay-color":"","overlay-opacity":"","overlay-gradient":""},"tablet":{"background-color":"","background-image":"","background-repeat":"repeat","background-position":"center center","background-size":"auto","background-attachment":"scroll","background-type":"","background-media":"","overlay-type":"","overlay-color":"","overlay-opacity":"","overlay-gradient":""},"mobile":{"background-color":"","background-image":"","background-repeat":"repeat","background-position":"center center","background-size":"auto","background-attachment":"scroll","background-type":"","background-media":"","overlay-type":"","overlay-color":"","overlay-opacity":"","overlay-gradient":""}},"ast-content-background-meta":{"desktop":{"background-color":"var(--ast-global-color-5)","background-image":"","background-repeat":"repeat","background-position":"center center","background-size":"auto","background-attachment":"scroll","background-type":"","background-media":"","overlay-type":"","overlay-color":"","overlay-opacity":"","overlay-gradient":""},"tablet":{"background-color":"var(--ast-global-color-5)","background-image":"","background-repeat":"repeat","background-position":"center center","background-size":"auto","background-attachment":"scroll","background-type":"","background-media":"","overlay-type":"","overlay-color":"","overlay-opacity":"","overlay-gradient":""},"mobile":{"background-color":"var(--ast-global-color-5)","background-image":"","background-repeat":"repeat","background-position":"center center","background-size":"auto","background-attachment":"scroll","background-type":"","background-media":"","overlay-type":"","overlay-color":"","overlay-opacity":"","overlay-gradient":""}},"_joinchat":[]},"product_cat":[21],"product_tag":[],"class_list":{"0":"post-206","1":"product","2":"type-product","3":"status-publish","4":"has-post-thumbnail","6":"product_cat-education","7":"desktop-align-left","8":"tablet-align-left","9":"mobile-align-left","11":"first","12":"instock","13":"shipping-taxable","14":"product-type-simple"},"yoast_head":"<!-- This site is optimized with the Yoast SEO plugin v23.1 - https:\/\/yoast.com\/wordpress\/plugins\/seo\/ -->\n<title>T\u00c9CNICO EN FARMACIA - FMTI - Instituto de Educaci\u00f3n<\/title>\n<meta name=\"robots\" content=\"index, follow, max-snippet:-1, max-image-preview:large, max-video-preview:-1\" \/>\n<link rel=\"canonical\" href=\"https:\/\/fmti.edu\/en\/product\/pharmacy-technician\/\" \/>\n<meta property=\"og:locale\" content=\"en_US\" \/>\n<meta property=\"og:type\" content=\"article\" \/>\n<meta property=\"og:title\" content=\"T\u00c9CNICO EN FARMACIA - FMTI - Instituto de Educaci\u00f3n\" \/>\n<meta property=\"og:description\" content=\"El programa de este m\u00f3dulo prepara al estudiante con asignaturas b\u00e1sicas como farmacolog\u00eda aplicada, anatom\u00eda , fisiolog\u00eda, leyes y regulaciones de farmacia, compuestos est\u00e9riles y no est\u00e9riles, terminolog\u00eda m\u00e9dica, c\u00e1lculos de medicamentos , seguridad de medicamentos, comprensi\u00f3n en las prescripciones, familiaridad con los medicamentos prescritos , una comprensi\u00f3n de las dosis y la seguridad de los medicamentos, y la capacidad de seguir procedimientos estrictos. De igual manera es importante que reconozca su roll en el aseguramiento de la calidad de la farmacia ingreso y proceso de llenado de pedidos, administraci\u00f3n de inventario, facturaci\u00f3n reembolso, aplicaci\u00f3n de sistemas inform\u00e1ticos seg\u00fan normativas y leyes correspondientes.\" \/>\n<meta property=\"og:url\" content=\"https:\/\/fmti.edu\/en\/product\/pharmacy-technician\/\" \/>\n<meta property=\"og:site_name\" content=\"FMTI - Instituto de Educaci\u00f3n\" \/>\n<meta property=\"article:publisher\" content=\"https:\/\/www.facebook.com\/finlaytraining\" \/>\n<meta property=\"article:modified_time\" content=\"2023-11-14T22:36:47+00:00\" \/>\n<meta property=\"og:image\" content=\"https:\/\/fmti.edu\/wp-content\/uploads\/2023\/02\/auxiliar-farmacia-y-parafarmacia.jpg\" \/>\n\t<meta property=\"og:image:width\" content=\"945\" \/>\n\t<meta property=\"og:image:height\" content=\"759\" \/>\n\t<meta property=\"og:image:type\" content=\"image\/jpeg\" \/>\n<meta name=\"twitter:card\" content=\"summary_large_image\" \/>\n<meta name=\"twitter:label1\" content=\"Est. reading time\" \/>\n\t<meta name=\"twitter:data1\" content=\"1 minute\" \/>\n<script type=\"application\/ld+json\" class=\"yoast-schema-graph\">{\"@context\":\"https:\/\/schema.org\",\"@graph\":[{\"@type\":\"WebPage\",\"@id\":\"https:\/\/fmti.edu\/producto\/pharmacy-technician\/\",\"url\":\"https:\/\/fmti.edu\/producto\/pharmacy-technician\/\",\"name\":\"T\u00c9CNICO EN FARMACIA - FMTI - Instituto de Educaci\u00f3n\",\"isPartOf\":{\"@id\":\"https:\/\/fmti.edu\/#website\"},\"primaryImageOfPage\":{\"@id\":\"https:\/\/fmti.edu\/producto\/pharmacy-technician\/#primaryimage\"},\"image\":{\"@id\":\"https:\/\/fmti.edu\/producto\/pharmacy-technician\/#primaryimage\"},\"thumbnailUrl\":\"https:\/\/fmti.edu\/wp-content\/uploads\/2023\/02\/auxiliar-farmacia-y-parafarmacia.jpg\",\"datePublished\":\"2023-02-22T20:42:23+00:00\",\"dateModified\":\"2023-11-14T22:36:47+00:00\",\"breadcrumb\":{\"@id\":\"https:\/\/fmti.edu\/producto\/pharmacy-technician\/#breadcrumb\"},\"inLanguage\":\"en-US\",\"potentialAction\":[{\"@type\":\"ReadAction\",\"target\":[\"https:\/\/fmti.edu\/producto\/pharmacy-technician\/\"]}]},{\"@type\":\"ImageObject\",\"inLanguage\":\"en-US\",\"@id\":\"https:\/\/fmti.edu\/producto\/pharmacy-technician\/#primaryimage\",\"url\":\"https:\/\/fmti.edu\/wp-content\/uploads\/2023\/02\/auxiliar-farmacia-y-parafarmacia.jpg\",\"contentUrl\":\"https:\/\/fmti.edu\/wp-content\/uploads\/2023\/02\/auxiliar-farmacia-y-parafarmacia.jpg\",\"width\":945,\"height\":759,\"caption\":\"auxiliar farmacia y parafarmacia\"},{\"@type\":\"BreadcrumbList\",\"@id\":\"https:\/\/fmti.edu\/producto\/pharmacy-technician\/#breadcrumb\",\"itemListElement\":[{\"@type\":\"ListItem\",\"position\":1,\"name\":\"Portada\",\"item\":\"https:\/\/fmti.edu\/\"},{\"@type\":\"ListItem\",\"position\":2,\"name\":\"Ofertas acad\u00e9micas\",\"item\":\"https:\/\/fmti.edu\/ofertas-academicas-2\/\"},{\"@type\":\"ListItem\",\"position\":3,\"name\":\"T\u00c9CNICO EN FARMACIA\"}]},{\"@type\":\"WebSite\",\"@id\":\"https:\/\/fmti.edu\/#website\",\"url\":\"https:\/\/fmti.edu\/\",\"name\":\"Finlay Medical Training Institute\",\"description\":\"Instituto Medico de Entrenamiento - Finlay\",\"publisher\":{\"@id\":\"https:\/\/fmti.edu\/#organization\"},\"potentialAction\":[{\"@type\":\"SearchAction\",\"target\":{\"@type\":\"EntryPoint\",\"urlTemplate\":\"https:\/\/fmti.edu\/?s={search_term_string}\"},\"query-input\":\"required name=search_term_string\"}],\"inLanguage\":\"en-US\"},{\"@type\":\"Organization\",\"@id\":\"https:\/\/fmti.edu\/#organization\",\"name\":\"Finlay Medical Training Institute\",\"url\":\"https:\/\/fmti.edu\/\",\"logo\":{\"@type\":\"ImageObject\",\"inLanguage\":\"en-US\",\"@id\":\"https:\/\/fmti.edu\/#\/schema\/logo\/image\/\",\"url\":\"https:\/\/fmti.edu\/wp-content\/uploads\/2023\/01\/logo-Finlay-sin-fondo-1.png\",\"contentUrl\":\"https:\/\/fmti.edu\/wp-content\/uploads\/2023\/01\/logo-Finlay-sin-fondo-1.png\",\"width\":559,\"height\":450,\"caption\":\"Finlay Medical Training Institute\"},\"image\":{\"@id\":\"https:\/\/fmti.edu\/#\/schema\/logo\/image\/\"},\"sameAs\":[\"https:\/\/www.facebook.com\/finlaytraining\",\"https:\/\/www.instagram.com\/finlaymedical\/\"]}]}<\/script>\n<!-- \/ Yoast SEO plugin. -->","yoast_head_json":{"title":"T\u00c9CNICO EN FARMACIA - FMTI - Instituto de Educaci\u00f3n","robots":{"index":"index","follow":"follow","max-snippet":"max-snippet:-1","max-image-preview":"max-image-preview:large","max-video-preview":"max-video-preview:-1"},"canonical":"https:\/\/fmti.edu\/en\/product\/pharmacy-technician\/","og_locale":"en_US","og_type":"article","og_title":"T\u00c9CNICO EN FARMACIA - FMTI - Instituto de Educaci\u00f3n","og_description":"El programa de este m\u00f3dulo prepara al estudiante con asignaturas b\u00e1sicas como farmacolog\u00eda aplicada, anatom\u00eda , fisiolog\u00eda, leyes y regulaciones de farmacia, compuestos est\u00e9riles y no est\u00e9riles, terminolog\u00eda m\u00e9dica, c\u00e1lculos de medicamentos , seguridad de medicamentos, comprensi\u00f3n en las prescripciones, familiaridad con los medicamentos prescritos , una comprensi\u00f3n de las dosis y la seguridad de los medicamentos, y la capacidad de seguir procedimientos estrictos. De igual manera es importante que reconozca su roll en el aseguramiento de la calidad de la farmacia ingreso y proceso de llenado de pedidos, administraci\u00f3n de inventario, facturaci\u00f3n reembolso, aplicaci\u00f3n de sistemas inform\u00e1ticos seg\u00fan normativas y leyes correspondientes.","og_url":"https:\/\/fmti.edu\/en\/product\/pharmacy-technician\/","og_site_name":"FMTI - Instituto de Educaci\u00f3n","article_publisher":"https:\/\/www.facebook.com\/finlaytraining","article_modified_time":"2023-11-14T22:36:47+00:00","og_image":[{"width":945,"height":759,"url":"https:\/\/fmti.edu\/wp-content\/uploads\/2023\/02\/auxiliar-farmacia-y-parafarmacia.jpg","type":"image\/jpeg"}],"twitter_card":"summary_large_image","twitter_misc":{"Est. reading time":"1 minute"},"schema":{"@context":"https:\/\/schema.org","@graph":[{"@type":"WebPage","@id":"https:\/\/fmti.edu\/producto\/pharmacy-technician\/","url":"https:\/\/fmti.edu\/producto\/pharmacy-technician\/","name":"T\u00c9CNICO EN FARMACIA - FMTI - Instituto de Educaci\u00f3n","isPartOf":{"@id":"https:\/\/fmti.edu\/#website"},"primaryImageOfPage":{"@id":"https:\/\/fmti.edu\/producto\/pharmacy-technician\/#primaryimage"},"image":{"@id":"https:\/\/fmti.edu\/producto\/pharmacy-technician\/#primaryimage"},"thumbnailUrl":"https:\/\/fmti.edu\/wp-content\/uploads\/2023\/02\/auxiliar-farmacia-y-parafarmacia.jpg","datePublished":"2023-02-22T20:42:23+00:00","dateModified":"2023-11-14T22:36:47+00:00","breadcrumb":{"@id":"https:\/\/fmti.edu\/producto\/pharmacy-technician\/#breadcrumb"},"inLanguage":"en-US","potentialAction":[{"@type":"ReadAction","target":["https:\/\/fmti.edu\/producto\/pharmacy-technician\/"]}]},{"@type":"ImageObject","inLanguage":"en-US","@id":"https:\/\/fmti.edu\/producto\/pharmacy-technician\/#primaryimage","url":"https:\/\/fmti.edu\/wp-content\/uploads\/2023\/02\/auxiliar-farmacia-y-parafarmacia.jpg","contentUrl":"https:\/\/fmti.edu\/wp-content\/uploads\/2023\/02\/auxiliar-farmacia-y-parafarmacia.jpg","width":945,"height":759,"caption":"auxiliar farmacia y parafarmacia"},{"@type":"BreadcrumbList","@id":"https:\/\/fmti.edu\/producto\/pharmacy-technician\/#breadcrumb","itemListElement":[{"@type":"ListItem","position":1,"name":"Portada","item":"https:\/\/fmti.edu\/"},{"@type":"ListItem","position":2,"name":"Ofertas acad\u00e9micas","item":"https:\/\/fmti.edu\/ofertas-academicas-2\/"},{"@type":"ListItem","position":3,"name":"T\u00c9CNICO EN FARMACIA"}]},{"@type":"WebSite","@id":"https:\/\/fmti.edu\/#website","url":"https:\/\/fmti.edu\/","name":"Finlay Medical Training Institute","description":"Instituto Medico de Entrenamiento - Finlay","publisher":{"@id":"https:\/\/fmti.edu\/#organization"},"potentialAction":[{"@type":"SearchAction","target":{"@type":"EntryPoint","urlTemplate":"https:\/\/fmti.edu\/?s={search_term_string}"},"query-input":"required name=search_term_string"}],"inLanguage":"en-US"},{"@type":"Organization","@id":"https:\/\/fmti.edu\/#organization","name":"Finlay Medical Training Institute","url":"https:\/\/fmti.edu\/","logo":{"@type":"ImageObject","inLanguage":"en-US","@id":"https:\/\/fmti.edu\/#\/schema\/logo\/image\/","url":"https:\/\/fmti.edu\/wp-content\/uploads\/2023\/01\/logo-Finlay-sin-fondo-1.png","contentUrl":"https:\/\/fmti.edu\/wp-content\/uploads\/2023\/01\/logo-Finlay-sin-fondo-1.png","width":559,"height":450,"caption":"Finlay Medical Training Institute"},"image":{"@id":"https:\/\/fmti.edu\/#\/schema\/logo\/image\/"},"sameAs":["https:\/\/www.facebook.com\/finlaytraining","https:\/\/www.instagram.com\/finlaymedical\/"]}]}},"_links":{"self":[{"href":"https:\/\/fmti.edu\/en\/wp-json\/wp\/v2\/product\/206","targetHints":{"allow":["GET"]}}],"collection":[{"href":"https:\/\/fmti.edu\/en\/wp-json\/wp\/v2\/product"}],"about":[{"href":"https:\/\/fmti.edu\/en\/wp-json\/wp\/v2\/types\/product"}],"replies":[{"embeddable":true,"href":"https:\/\/fmti.edu\/en\/wp-json\/wp\/v2\/comments?post=206"}],"wp:featuredmedia":[{"embeddable":true,"href":"https:\/\/fmti.edu\/en\/wp-json\/wp\/v2\/media\/612"}],"wp:attachment":[{"href":"https:\/\/fmti.edu\/en\/wp-json\/wp\/v2\/media?parent=206"}],"wp:term":[{"taxonomy":"product_cat","embeddable":true,"href":"https:\/\/fmti.edu\/en\/wp-json\/wp\/v2\/product_cat?post=206"},{"taxonomy":"product_tag","embeddable":true,"href":"https:\/\/fmti.edu\/en\/wp-json\/wp\/v2\/product_tag?post=206"}],"curies":[{"name":"wp","href":"https:\/\/api.w.org\/{rel}","templated":true}]}}